{"id":271,"date":"2018-11-27T09:16:54","date_gmt":"2018-11-27T09:16:54","guid":{"rendered":"https:\/\/castileandleon.com\/index.php\/home\/"},"modified":"2024-03-02T19:28:17","modified_gmt":"2024-03-02T19:28:17","slug":"home","status":"publish","type":"page","link":"https:\/\/castileandleon.com\/","title":{"rendered":"Home"},"content":{"rendered":"\n\n\t<h4>\n\t\t\t\t\tWelcome to\n\t\t\t\t<\/h4>\n\t<h1>\n\t\t\t\t\tCastile and Le\u00f3n\n\t\t\t\t<\/h1>\n\t\t\t<a href=\"#\" target=\"_self\" role=\"button\" rel=\"noopener\">\n\t\t\t\t\t\tLearn  More\n\t\t<\/a>\n\t<h2>\n\t\t\t\t\tspotlight on Castile and LE\u00d3N\n\t\t\t\t<\/h2>\n\t\t\t\t<img decoding=\"async\" src=\"https:\/\/castileandleon.com\/wp-content\/uploads\/2024\/03\/segovia-aquaduct-castlileandleon-scaled.jpg\" alt=\"Segovia Aquaduct\" itemprop=\"image\"\/>\n\t<h5>\n\t\t\t\t\tCastile\n\t\t\t\t<\/h5>\n\t\t\t<p>Castile has had an enormous impact on Spanish history and culture, and by extension Spanish culture in other parts of the world (Latin America in particular). The Castilian language has become the standard in both Spain and overseas. In fact, Castilian and Spanish are the same language. The region boasts a large number of historical and natural attractions. The region consists of the provinces of \u00c1vila, Burgos, Palencia, Segovia, Soria and Valladolid, and is part of the Autonomous Community of Castile and Le\u00f3n.<\/p>\n\t\t\t<a href=\"#\" target=\"_self\" role=\"button\" rel=\"noopener\">\n\t\t\t\t\t\tLearn More\n\t\t<\/a>\n\t\t\t\t<img decoding=\"async\" src=\"https:\/\/castileandleon.com\/wp-content\/uploads\/2024\/03\/salamanca-castile-and-leon.jpg\" alt=\"Salamanca city view\" itemprop=\"image\"\/>\n\t<h5>\n\t\t\t\t\tLe\u00f3n\n\t\t\t\t<\/h5>\n\t\t\t<p>With roots back to the 900s, Le\u00f3n consists of the provinces of Le\u00f3n, Salamanca and Zamora. While now part of Castile and Le\u00f3n, this area has a distinct culture of its own. it has traditionally had its own language (Leonese), although most people in the region speak Spanish, with only a small number of Leonese speakers remaining.<\/p>\n\t\t\t<a href=\"#\" target=\"_self\" role=\"button\" rel=\"noopener\">\n\t\t\t\t\t\tLearn More\n\t\t<\/a>\n\t<h2>\n\t\t\t\t\tSpanish Charm\n\t\t\t\t<\/h2>\n\t\t\t<p>Considered by many to be the cradle of Spanish civilization, Castile and Le\u00f3n offer plenty of breathtaking historical and natural sites for visitors. From magnificent cathedrals and extremely well preserved Roman ruins to rustic villages with cobblestone streets, the region offers visitors a taste of classical Spain.<\/p>\n\t\t\t<a href=\"#\" target=\"_self\" role=\"button\" rel=\"noopener\">\n\t\t\t\t\t\tLearn More\n\t\t<\/a>\n\t<h2>\n\t\t\t\t\tHistorical and Modern &#8211; Spanish Style\n\t\t\t\t<\/h2>\n\t\t\t<p>Segovia, Salamanca, Burgos, \u00c1vila &#8230; Castile and Le\u00f3n offers a multitude of fascinating cities and towns to visit. Each has its own charm and attractions. Castile and Le\u00f3n is home to eleven UNESCO World Heritage sites, giving it the honour (alongside Italy&#8217;s Lombardia region) of being the region with the most such designations in the world.<\/p>\n\t\t\t<a href=\"#\" target=\"_self\" role=\"button\" rel=\"noopener\">\n\t\t\t\t\t\tLearn  More\n\t\t<\/a>\n\t\t\t\t<img decoding=\"async\" src=\"https:\/\/castileandleon.com\/wp-content\/uploads\/2024\/03\/castile-and-leon-flag.jpg\" alt=\"Castile and Leon flag, autonomous community of Spain. Vector illustration.\" itemprop=\"image\"\/>\n\t\t\t\t<img decoding=\"async\" src=\"https:\/\/castileandleon.com\/wp-content\/uploads\/2024\/03\/burgos-spain-pathway-castile-and-leon.jpg\" alt=\"burgos-spain-pathway-castile-and-leon\" itemprop=\"image\"\/>\n\t\t\t\t<img decoding=\"async\" src=\"https:\/\/castileandleon.com\/wp-content\/uploads\/2024\/03\/burgos-sunset-windmills-castile-and-leon.jpg\" alt=\"burgos-sunset-windmills-castile-and-leon\" itemprop=\"image\"\/>\n\t\t\t\t<img decoding=\"async\" src=\"https:\/\/castileandleon.com\/wp-content\/uploads\/2024\/03\/avilia-horses-castile-and-leon.jpg\" alt=\"avilia-horses-castile-and-leon\" itemprop=\"image\"\/>\n\t\t\n","protected":false},"excerpt":{"rendered":"<p>Welcome to Castile and Le\u00f3n Learn More spotlight on Castile and LE\u00d3N Castile Castile has had an enormous impact on Spanish history and culture, and by extension Spanish culture in other parts of the world (Latin America in particular). The Castilian language has become the standard in both Spain and overseas. In fact, Castilian and [&hellip;]<\/p>\n","protected":false},"author":1,"featured_media":0,"parent":0,"menu_order":0,"comment_status":"closed","ping_status":"closed","template":"","meta":{"om_disable_all_campaigns":false,"_monsterinsights_skip_tracking":false,"_monsterinsights_sitenote_active":false,"_monsterinsights_sitenote_note":"","_monsterinsights_sitenote_category":0,"_uf_show_specific_survey":0,"_uf_disable_surveys":false,"site-sidebar-layout":"no-sidebar","site-content-layout":"page-builder","ast-site-content-layout":"","site-content-style":"default","site-sidebar-style":"default","ast-global-header-display":"","ast-banner-title-visibility":"","ast-main-header-display":"","ast-hfb-above-header-display":"","ast-hfb-below-header-display":"","ast-hfb-mobile-header-display":"","site-post-title":"disabled","ast-breadcrumbs-content":"","ast-featured-img":"disabled","footer-sml-layout":"","theme-transparent-header-meta":"enabled","adv-header-id-meta":"","stick-header-meta":"","header-above-stick-meta":"","header-main-stick-meta":"","header-below-stick-meta":"","astra-migrate-meta-layouts":"default","ast-page-background-enabled":"default","ast-page-background-meta":{"desktop":{"background-color":"","background-image":"","background-repeat":"repeat","background-position":"center center","background-size":"auto","background-attachment":"scroll","background-type":"","background-media":"","overlay-type":"","overlay-color":"","overlay-gradient":""},"tablet":{"background-color":"","background-image":"","background-repeat":"repeat","background-position":"center center","background-size":"auto","background-attachment":"scroll","background-type":"","background-media":"","overlay-type":"","overlay-color":"","overlay-gradient":""},"mobile":{"background-color":"","background-image":"","background-repeat":"repeat","background-position":"center center","background-size":"auto","background-attachment":"scroll","background-type":"","background-media":"","overlay-type":"","overlay-color":"","overlay-gradient":""}},"ast-content-background-meta":{"desktop":{"background-color":"var(--ast-global-color-5)","background-image":"","background-repeat":"repeat","background-position":"center center","background-size":"auto","background-attachment":"scroll","background-type":"","background-media":"","overlay-type":"","overlay-color":"","overlay-gradient":""},"tablet":{"background-color":"var(--ast-global-color-5)","background-image":"","background-repeat":"repeat","background-position":"center center","background-size":"auto","background-attachment":"scroll","background-type":"","background-media":"","overlay-type":"","overlay-color":"","overlay-gradient":""},"mobile":{"background-color":"var(--ast-global-color-5)","background-image":"","background-repeat":"repeat","background-position":"center center","background-size":"auto","background-attachment":"scroll","background-type":"","background-media":"","overlay-type":"","overlay-color":"","overlay-gradient":""}},"footnotes":""},"aioseo_notices":[],"_links":{"self":[{"href":"https:\/\/castileandleon.com\/index.php\/wp-json\/wp\/v2\/pages\/271"}],"collection":[{"href":"https:\/\/castileandleon.com\/index.php\/wp-json\/wp\/v2\/pages"}],"about":[{"href":"https:\/\/castileandleon.com\/index.php\/wp-json\/wp\/v2\/types\/page"}],"author":[{"embeddable":true,"href":"https:\/\/castileandleon.com\/index.php\/wp-json\/wp\/v2\/users\/1"}],"replies":[{"embeddable":true,"href":"https:\/\/castileandleon.com\/index.php\/wp-json\/wp\/v2\/comments?post=271"}],"version-history":[{"count":7,"href":"https:\/\/castileandleon.com\/index.php\/wp-json\/wp\/v2\/pages\/271\/revisions"}],"predecessor-version":[{"id":499,"href":"https:\/\/castileandleon.com\/index.php\/wp-json\/wp\/v2\/pages\/271\/revisions\/499"}],"wp:attachment":[{"href":"https:\/\/castileandleon.com\/index.php\/wp-json\/wp\/v2\/media?parent=271"}],"curies":[{"name":"wp","href":"https:\/\/api.w.org\/{rel}","templated":true}]}}